{"id":725,"date":"2025-04-29T19:54:00","date_gmt":"2025-04-29T16:54:00","guid":{"rendered":"http:\/\/themedemos.webmandesign.eu\/icelander\/?page_id=725"},"modified":"2025-09-29T12:51:35","modified_gmt":"2025-09-29T09:51:35","slug":"home-gr","status":"publish","type":"page","link":"https:\/\/petrakis-architects.gr\/it\/","title":{"rendered":"Inizio"},"content":{"rendered":"<p>Presenza costante e di successo dal <mark>1981<\/mark> !<\/p>\n\t<h1><strong>\u039f\u039b\u039f\u039a\u039b\u0397\u03a1\u03a9\u039c\u0395\u039d\u0395\u03a3 \u03a5\u03a0\u0397\u03a1\u0395\u03a3\u0399\u0395\u03a3 \u0391\u03a1\u03a7\u0399\u03a4\u0395\u039a\u03a4\u039f\u039d\u0399\u039a\u039f\u03a5 \u03a3\u03a7\u0395\u0394\u0399\u0391\u03a3\u039c\u039f\u03a5 &amp; \u03a7\u03a9\u03a1\u0399\u039a\u0397\u03a3 \u0391\u039d\u0391\u03a0\u03a4\u03a5\u039e\u0397\u03a3<\/strong><\/h1>\n<h1><small>GIORGIS N. PETRAKIS E ASSOCIATI<\/small><\/h1>\n\t<p>Vogliamo che gli spazi che progettiamo siano familiari, offrano pace, protezione e qualit\u00e0 quotidiana.<\/p>\n\t\t\t\t<a href=\"https:\/\/petrakis-architects.gr\/images\/poster_A3_Petrakis.pdf\"  target=\"_blank\" rel=\"noopener nofollow\"  itemprop=\"url\">\n\t\t\t\t<img decoding=\"async\" src=\"https:\/\/petrakis-architects.gr\/wp-content\/uploads\/2025\/03\/antagonistikotitaframeEN.jpg\" alt=\"Logos Antagonistikotita ESPA 2021-2027\" itemprop=\"image\" height=\"153\" width=\"1300\" title=\"antagonistikotitaframeEN\" onerror=\"this.style.display='none'\" loading=\"lazy\" \/>\n\t\t\t\t<\/a>\n<div class=\"wm-call-to-action\"><div class=\"wm-call-to-action-content wm-call-to-action-element\"><div class=\"wm-call-to-action-caption wm-call-to-action-element\"><h2>Mettiamoci in contatto!<\/h2><\/div><p>Contatta il nostro team creativo. Saremo lieti di rispondere a tutte le vostre domande.<\/p>\n<\/div><div class=\"wm-call-to-action-button wm-call-to-action-element\"><a href=\"\/it\/gnp-contact-gr\/\" class=\"wm-button button size-large\"><span class=\"icon-ion-android-contact\" aria-hidden=\"true\"> <\/span>Contatto<\/a><\/div><\/div>\n\t\t\t\t<img decoding=\"async\" src=\"https:\/\/petrakis-architects.gr\/wp-content\/uploads\/2025\/08\/YPOSKAFA_LYGARIA-10-806x453.jpg\" alt=\"\u03a5\u03c0\u03cc\u03c3\u03ba\u03b1\u03c6\u03b1 \u03c3\u03c4\u03b7 \u039b\u03c5\u03b3\u03b1\u03c1\u03b9\u03ac\" itemprop=\"image\" height=\"453\" width=\"806\" title=\"YPOSKAFA_LYGARIA (10)\" onerror=\"this.style.display='none'\" loading=\"lazy\" \/>\n\t<h2>La nostra filosofia<\/h2>\n<p>Crediamo nella forza della misura e continuit\u00e0, nel valore della qualit\u00e0 dei materiali, nella profondit\u00e0 di significato di ogni gesto architettonico\nCerchiamo chiarezza nella composizione, semplicit\u00e0 nella forma, precisione nei dettagli.<\/p>\n<p>\u0398\u03b5\u03c9\u03c1\u03bf\u03cd\u03bc\u03b5 \u03c4\u03b7\u03bd \u03c0\u03b1\u03c1\u03ac\u03b4\u03bf\u03c3\u03b7 \u03cc\u03c7\u03b9 \u03c9\u03c2 \u03b5\u03bc\u03c0\u03cc\u03b4\u03b9\u03bf, \u03b1\u03bb\u03bb\u03ac \u03c9\u03c2 \u03b5\u03c1\u03b3\u03b1\u03bb\u03b5\u03af\u03bf: \u03ad\u03bd\u03b1 \u03c0\u03bf\u03bb\u03cd\u03c4\u03b9\u03bc\u03bf \u03c5\u03c0\u03cc\u03b2\u03b1\u03b8\u03c1\u03bf \u03b5\u03bc\u03c0\u03b5\u03b9\u03c1\u03af\u03b1\u03c2 \u03c0\u03ac\u03bd\u03c9 \u03c3\u03c4\u03bf \u03bf\u03c0\u03bf\u03af\u03bf \u03bc\u03c0\u03bf\u03c1\u03b5\u03af \u03bd\u03b1 \u03c7\u03c4\u03b9\u03c3\u03c4\u03b5\u03af \u03c4\u03bf \u03ba\u03b1\u03b9\u03bd\u03bf\u03cd\u03c1\u03b9\u03bf &#8211; \u03cc\u03c7\u03b9 \u03c9\u03c2 \u03c1\u03ae\u03be\u03b7, \u03b1\u03bb\u03bb\u03ac \u03c9\u03c2 \u03b5\u03be\u03ad\u03bb\u03b9\u03be\u03b7.<\/p>\n\t\t\t<a href=\"https:\/\/petrakis-architects.gr\/it\/gnp-about-gr-2\/\" target=\"_self\">\n\t\t\t\t\t\t\tPi\u00f9\n\t\t\t\t\t<\/a>\n\t<h2>Qual \u00e8 il tuo piano?<\/h2>\n<p>Troviamo la soluzione migliore per il tuo spazio.<\/p>\n<a href=\"https:\/\/petrakis-architects.gr\/it\/gnp-contact-gr\/\" class=\"wm-button button\">Contatto<\/a><div class=\"wm-testimonials wm-posts-wrap clearfix wm-testimonials-singular\"><article class=\"wm-testimonials-item wm-testimonials-item-254 testimonial_category-from-partners has-thumbnail\"><h3 class=\"screen-reader-text\">G.N. Petrakis<\/h3><blockquote class=\"wm-testimonials-element wm-html-element content\"><p>Per noi, la tradizione non \u00e8 un limite, ma una risorsa: una base di esperienza su cui costruire il nuovo, non come rottura, ma come evoluzione consapevole.<\/p>\n<\/blockquote><cite class=\"wm-testimonials-element wm-html-element source\"><span class=\"wm-testimonials-element wm-html-element image image-container\"><img loading=\"lazy\" decoding=\"async\" width=\"448\" height=\"448\" src=\"https:\/\/petrakis-architects.gr\/wp-content\/uploads\/2025\/05\/GNPetrakis-CloseUp-448x448.jpg\" class=\"attachment-icelander-square size-icelander-square wp-post-image\" alt=\"Giorgis N. Petrakis closeup photo\" title=\"GNPetrakis-CloseUp\" srcset=\"\" sizes=\"auto, (max-width: 448px) 100vw, 448px\" data-srcset=\"\" \/><\/span><span class=\"wm-testimonials-element wm-html-element author\">Giorgis N. Petrakis, Architetto<\/span><\/cite><\/article><\/div>\n\t<h2>I nostri progetti<\/h2>\n<p>Vogliamo sempre che le persone siano l'epicentro del nostro lavoro.<\/p>\n<a href=\"https:\/\/petrakis-architects.gr\/it\/gnp-about-gr-2\/\" class=\"wm-button button\"><span class=\"icon-ion-android-arrow-dropright-circle\" aria-hidden=\"true\"> <\/span>Pi\u00f9<\/a><div class=\"wm-posts wm-posts-wrap clearfix wm-posts-wm_projects wm-posts-layout-default posts\"><div class=\"wm-posts-container wm-items-container with-margin\" data-columns=\"2\" data-time=\"0\" data-layout-mode=\"masonry\"><div class=\"wm-row with-margin\">\r\n<div class=\"wm-posts-item wm-posts-item-8892 wm-column width-1-2 with-margin has-thumbnail\">\r\n\r\n\t\r\n\r\n<article id=\"post-8892\" class=\"post-8892 wm_projects type-wm_projects status-publish has-post-thumbnail hentry project_category-grp-civ project_tag-363 entry\">\r\n\r\n\t<div class=\"entry-media\"><figure class=\"post-thumbnail\"><a href=\"https:\/\/petrakis-architects.gr\/it\/project\/culture-1\/\"><img loading=\"lazy\" decoding=\"async\" width=\"448\" height=\"220\" src=\"https:\/\/petrakis-architects.gr\/wp-content\/uploads\/2025\/08\/XOROI-POLITISMOY-s-448x220.png\" class=\"attachment-icelander-square size-icelander-square wp-post-image\" alt=\"Slider \u03c7\u03ce\u03c1\u03c9\u03bd \u03c0\u03bf\u03bb\u03b9\u03c4\u03b9\u03c3\u03bc\u03bf\u03cd\" \/><\/a><\/figure><\/div><div class=\"wm-posts-element wm-html-element taxonomy taxonomy-project_category\"><span class=\"taxonomy-label\">Categoria del progetto: <\/span><a href=\"https:\/\/petrakis-architects.gr\/it\/project-category\/grp-civ\/\" class=\"term term-project_category term-grp-civ\">Spazi culturali<\/a><\/div><header class=\"entry-header\"><h3 class=\"entry-title\"><a href=\"https:\/\/petrakis-architects.gr\/it\/project\/culture-1\/\" rel=\"bookmark\">Galleria d\u2019Arte del Museo Storico di Creta<\/a><\/h3><\/header>\r\n\t<div class=\"entry-content\"><\/div>\r\n\r\n\t\r\n<\/article>\r\n\r\n\r\n<\/div>\r\n\r\n<div class=\"wm-posts-item wm-posts-item-8890 wm-column width-1-2 with-margin alt last has-thumbnail\">\r\n\r\n\t\r\n\r\n<article id=\"post-8890\" class=\"post-8890 wm_projects type-wm_projects status-publish has-post-thumbnail hentry project_category-grp-tour project_tag-362 entry\">\r\n\r\n\t<div class=\"entry-media\"><figure class=\"post-thumbnail\"><a href=\"https:\/\/petrakis-architects.gr\/it\/project\/tourism-1\/\"><img loading=\"lazy\" decoding=\"async\" width=\"448\" height=\"345\" src=\"https:\/\/petrakis-architects.gr\/wp-content\/uploads\/2025\/04\/lorida_Tourismos_Bali-448x345.jpg\" class=\"attachment-icelander-square size-icelander-square wp-post-image\" alt=\"\u03a4\u039f\u03a5\u03a1\u0399\u03a3\u039c\u039f\u03a3\" \/><\/a><\/figure><\/div><div class=\"wm-posts-element wm-html-element taxonomy taxonomy-project_category\"><span class=\"taxonomy-label\">Categoria del progetto: <\/span><a href=\"https:\/\/petrakis-architects.gr\/it\/project-category\/grp-tour\/\" class=\"term term-project_category term-grp-tour\">Turismo<\/a><\/div><header class=\"entry-header\"><h3 class=\"entry-title\"><a href=\"https:\/\/petrakis-architects.gr\/it\/project\/tourism-1\/\" rel=\"bookmark\">Alloggi Scavati nella Roccia - Bali<\/a><\/h3><\/header>\r\n\t<div class=\"entry-content\"><\/div>\r\n\r\n\t\r\n<\/article>\r\n\r\n\r\n<\/div>\r\n<\/div><\/div><\/div>","protected":false},"excerpt":{"rendered":"<div class=\"entry-summary\">\n<div class=\"entry-summary\">\n\u039c\u03b5\u03bb\u03ad\u03c4\u03b7 \u03ba\u03b1\u03b9 \u03ba\u03b1\u03c4\u03b1\u03c3\u03ba\u03b5\u03c5\u03ae \u03c5\u03c0\u03cc\u03c3\u03ba\u03b1\u03c6\u03c9\u03bd \u03c4\u03bf\u03c5\u03c1\u03b9\u03c3\u03c4\u03b9\u03ba\u03ce\u03bd \u03ba\u03b1\u03c4\u03bf\u03b9\u03ba\u03b9\u03ce\u03bd &#8211; \u039c\u03c0\u03b1\u03bb\u03af, \u03a1\u03ad\u03b8\u03c5\u03bc\u03bd\u03bf \u039a\u03b1\u03c4\u03b7\u03b3\u03bf\u03c1\u03af\u03b1: \u03a4\u03bf\u03c5\u03c1\u03b9\u03c3\u03bc\u03cc\u03c2 \u039c\u03b5\u03bb\u03ad\u03c4\u03b7: 2022 \u039a\u03b1\u03c4\u03b1\u03c3\u03ba\u03b5\u03c5\u03ae: 2024 \u03a3\u03c5\u03bd\u03b5\u03c1\u03b3\u03ac\u03c4\u03b5\u03c2: \u039c\u03b1\u03c1\u03b9\u03ac\u03bd\u03bd\u03b1 \u039c\u03b1\u03c5\u03c1\u03bf\u03b3\u03b9\u03ac\u03bd\u03bd\u03b7, \u03a3\u03bf\u03c6\u03af\u03b1 \u03a7\u03b1\u03c4\u03b6\u03b7\u03b9\u03c9\u03ac\u03bd\u03bd\u03bf\u03c5 \u0395\u03c0\u03b9\u03c3\u03c4\u03c1\u03bf\u03c6\u03ae\n<\/div>\n<\/div>","protected":false},"author":1,"featured_media":0,"parent":0,"menu_order":0,"comment_status":"closed","ping_status":"closed","template":"templates\/no-intro.php","meta":{"_acf_changed":false,"footnotes":""},"class_list":["post-725","page","type-page","status-publish","hentry","entry"],"acf":[],"_links":{"self":[{"href":"https:\/\/petrakis-architects.gr\/it\/wp-json\/wp\/v2\/pages\/725","targetHints":{"allow":["GET"]}}],"collection":[{"href":"https:\/\/petrakis-architects.gr\/it\/wp-json\/wp\/v2\/pages"}],"about":[{"href":"https:\/\/petrakis-architects.gr\/it\/wp-json\/wp\/v2\/types\/page"}],"author":[{"embeddable":true,"href":"https:\/\/petrakis-architects.gr\/it\/wp-json\/wp\/v2\/users\/1"}],"replies":[{"embeddable":true,"href":"https:\/\/petrakis-architects.gr\/it\/wp-json\/wp\/v2\/comments?post=725"}],"version-history":[{"count":0,"href":"https:\/\/petrakis-architects.gr\/it\/wp-json\/wp\/v2\/pages\/725\/revisions"}],"wp:attachment":[{"href":"https:\/\/petrakis-architects.gr\/it\/wp-json\/wp\/v2\/media?parent=725"}],"curies":[{"name":"wp","href":"https:\/\/api.w.org\/{rel}","templated":true}]}}