{"id":535,"date":"2025-04-25T18:28:00","date_gmt":"2025-04-25T15:28:00","guid":{"rendered":"http:\/\/themedemos.webmandesign.eu\/icelander\/?page_id=535"},"modified":"2025-08-22T00:00:54","modified_gmt":"2025-08-21T21:00:54","slug":"gnp-services-gr","status":"publish","type":"page","link":"https:\/\/petrakis-architects.gr\/it\/gnp-services-gr\/","title":{"rendered":"Le nostre attivit\u00e0"},"content":{"rendered":"<p>Offriamo Servizi Integrati di Progettazione e Sviluppo, fornendo soluzioni complete in ogni fase del ciclo di vita di un progetto: dall\u2019idea iniziale alla realizzazione, con responsabilit\u00e0, precisione e coerenza.<\/p>\n<div class=\"wm-message icon-ion-ios-bolt-outline\"><div class=\"wm-message-content wm-message-element\"><p>Lo sviluppo, la progettazione e la gestione immobiliare sono processi complessi e dinamici, influenzati da condizioni in continua evoluzione.<\/div><\/div><div class=\"wm-message icon-ion-ios-home-outline\"><div class=\"wm-message-content wm-message-element\">\u0397 \u03b1\u03c1\u03c7\u03b9\u03c4\u03b5\u03ba\u03c4\u03bf\u03bd\u03b9\u03ba\u03ae \u00a0\u03bf\u03bc\u03ac\u03b4\u03b1 \u0393\u03b9\u03ce\u03c1\u03b3\u03b7\u03c2 \u039d. \u03a0\u03b5\u03c4\u03c1\u03ac\u03ba\u03b7\u03c2 &amp; \u03a3\u03c5\u03bd\u03b5\u03c1\u03b3\u03ac\u03c4\u03b5\u03c2 \u03b4\u03b9\u03b1\u03b8\u03ad\u03c4\u03b5\u03b9 \u03bc\u03b9\u03b1 \u03c3\u03b7\u03bc\u03b1\u03bd\u03c4\u03b9\u03ba\u03ae, \u03b5\u03c0\u03b9\u03c4\u03c5\u03c7\u03b7\u03bc\u03ad\u03bd\u03b7 \u03ba\u03b1\u03b9 \u03c3\u03c4\u03b1\u03b8\u03b5\u03c1\u03ae \u03c0\u03b1\u03c1\u03bf\u03c5\u03c3\u03af\u03b1 \u03b1\u03c0\u03cc \u03c4\u03bf 1981, \u03c3\u03c4\u03bf\u03c5\u03c2 \u03c4\u03bf\u03bc\u03b5\u03af\u03c2 \u03c4\u03bf\u03c5 \u03c3\u03c7\u03b5\u03b4\u03b9\u03b1\u03c3\u03bc\u03bf\u03cd \u03ba\u03b1\u03b9 \u03c4\u03b7\u03c2 \u03bf\u03b9\u03ba\u03b9\u03c3\u03c4\u03b9\u03ba\u03ae\u03c2 \u03b1\u03bd\u03ac\u03c0\u03c4\u03c5\u03be\u03b7\u03c2,\u00a0 \u03ba\u03b1\u03b8\u03ce\u03c2 \u03ba\u03b1\u03b9 \u03c3\u03c4\u03bf \u03c7\u03ce\u03c1\u03bf \u03c3\u03c7\u03b5\u03b4\u03b9\u03b1\u03c3\u03bc\u03bf\u03cd &#8211; \u03b5\u03c0\u03af\u03b2\u03bb\u03b5\u03c8\u03b7\u03c2 \u0394\u03b7\u03bc\u03cc\u03c3\u03b9\u03c9\u03bd \u03ba\u03b1\u03b9 \u0399\u03b4\u03b9\u03c9\u03c4\u03b9\u03ba\u03ce\u03bd \u03ad\u03c1\u03b3\u03c9\u03bd.<\/div><\/div><div class=\"wm-message icon-ion-ios-home-outline\"><div class=\"wm-message-content wm-message-element\">Grazie a una profonda conoscenza delle tendenze tecniche, economiche e territoriali del mercato cretese, e a una rete di collaboratori specializzati e qualificati, siamo in grado di analizzare e gestire ogni proposta di sviluppo immobiliare nei minimi dettagli, garantendo il massimo rendimento e valore a lungo termine per i nostri clienti. <\/p>\n<\/div><\/div>\n\t<p>In sintesi, i nostri servizi.<\/p>\n\t<h2>Qual \u00e8 il tuo piano?<\/h2>\n<p>Troviamo la soluzione migliore per il tuo spazio.<\/p>\n<a href=\"https:\/\/petrakis-architects.gr\/it\/gnp-contact-gr\/\" class=\"wm-button button\">Contatto<\/a><div class=\"wm-testimonials wm-posts-wrap clearfix\"><div class=\"wm-testimonials-container wm-items-container with-margin\" data-columns=\"2\" data-time=\"0\"><div class=\"wm-row\"><article class=\"wm-testimonials-item wm-testimonials-item-254 wm-column width-1-2 with-margin testimonial_category-from-partners has-thumbnail\"><h3 class=\"screen-reader-text\">G.N. Petrakis<\/h3><blockquote class=\"wm-testimonials-element wm-html-element content\"><p>Per noi, la tradizione non \u00e8 un limite, ma una risorsa: una base di esperienza su cui costruire il nuovo, non come rottura, ma come evoluzione consapevole.<\/p>\n<\/blockquote><cite class=\"wm-testimonials-element wm-html-element source\"><span class=\"wm-testimonials-element wm-html-element image image-container\"><img loading=\"lazy\" decoding=\"async\" width=\"448\" height=\"448\" src=\"https:\/\/petrakis-architects.gr\/wp-content\/uploads\/2025\/05\/GNPetrakis-CloseUp-448x448.jpg\" class=\"attachment-icelander-square size-icelander-square wp-post-image\" alt=\"Giorgis N. Petrakis closeup photo\" title=\"GNPetrakis-CloseUp\" srcset=\"\" sizes=\"auto, (max-width: 448px) 100vw, 448px\" data-srcset=\"\" \/><\/span><span class=\"wm-testimonials-element wm-html-element author\">Giorgis N. Petrakis, Architetto<\/span><\/cite><\/article><article class=\"wm-testimonials-item wm-testimonials-item-253 wm-column width-1-2 with-margin alt last testimonial_category-from-partners has-thumbnail\"><h3 class=\"screen-reader-text\">G.N. Petrakis<\/h3><blockquote class=\"wm-testimonials-element wm-html-element content\"><p>Crediamo nella forza della misura e continuit\u00e0, nel valore della qualit\u00e0 dei materiali, nella profondit\u00e0 di significato di ogni gesto architettonico.<\/p>\n<\/blockquote><cite class=\"wm-testimonials-element wm-html-element source\"><span class=\"wm-testimonials-element wm-html-element image image-container\"><img loading=\"lazy\" decoding=\"async\" width=\"448\" height=\"448\" src=\"https:\/\/petrakis-architects.gr\/wp-content\/uploads\/2025\/05\/GNPetrakis-CloseUp-448x448.jpg\" class=\"attachment-icelander-square size-icelander-square wp-post-image\" alt=\"Giorgis N. Petrakis closeup photo\" title=\"GNPetrakis-CloseUp\" srcset=\"\" sizes=\"auto, (max-width: 448px) 100vw, 448px\" data-srcset=\"\" \/><\/span><span class=\"wm-testimonials-element wm-html-element author\">Giorgis N. Petrakis, Architetto<\/span><\/cite><\/article><\/div><\/div><\/div>\n\t<h1>Le nostre aree di competenza includono::<\/h1>\n\t<h2>Pianificazione dello Sviluppo Immobiliare<\/h2>\n<ul>\n<li>Ricerca di mercato e individuazione di opportunit\u00e0 d\u2019investimento<\/li>\n<li>\u03a0\u03b1\u03c1\u03bf\u03c7\u03ae \u03c3\u03c5\u03bc\u03b2\u03bf\u03c5\u03bb\u03ce\u03bd \u03b3\u03b9\u03b1 \u03c4\u03b7\u03bd \u03bb\u03ae\u03c8\u03b7 \u03b5\u03c0\u03b5\u03bd\u03b4\u03c5\u03c4\u03b9\u03ba\u03ce\u03bd &#8211; \u03b1\u03bd\u03b1\u03c0\u03c4\u03c5\u03be\u03b9\u03b1\u03ba\u03ce\u03bd \u03b1\u03c0\u03bf\u03c6\u03ac\u03c3\u03b5\u03c9\u03bd<\/li>\n<li>Progettazione tecnica, economica e legale<\/li>\n<li>\u039c\u03b5\u03bb\u03ad\u03c4\u03b5\u03c2 \u03c3\u03ba\u03bf\u03c0\u03b9\u03bc\u03cc\u03c4\u03b7\u03c4\u03b1\u03c2 &#8211; \u03b2\u03b9\u03c9\u03c3\u03b9\u03bc\u03cc\u03c4\u03b7\u03c4\u03b1\u03c2<\/li>\n<\/ul>\n<h2>Sviluppo Immobiliare Integrato<\/h2>\n<ul>\n<li>Ispezioni tecniche in loco<\/li>\n<li>Verifica legale e urbanistica<\/li>\n<li>Rapporti con le autorit\u00e0 amministrative<\/li>\n<li>Coordinamento di negoziazioni commerciali<\/li>\n<li>Organizzazione e gestione simultanea di progetti su pi\u00f9 siti<\/li>\n<li>Controllo qualit\u00e0 e costi di costruzione<\/li>\n<\/ul>\n\t<h2>\u0395\u03ba\u03c0\u03cc\u03bd\u03b7\u03c3\u03b7 \u03c4\u03b5\u03c7\u03bd\u03b9\u03ba\u03ce\u03bd \u03bc\u03b5\u03bb\u03b5\u03c4\u03ce\u03bd-\u0394\u03b9\u03bf\u03af\u03ba\u03b7\u03c3\u03b7 &#8211; \u0394\u03b9\u03b1\u03c7\u03b5\u03af\u03c1\u03b9\u03c3\u03b7 \u03ba\u03b1\u03c4\u03b1\u03c3\u03ba\u03b5\u03c5\u03ae\u03c2<\/h2>\n<ul>\n<li>\u0395\u03ba\u03c0\u03cc\u03bd\u03b7\u03c3\u03b7, \u03b5\u03c0\u03bf\u03c0\u03c4\u03b5\u03af\u03b1 &#8211; \u03c3\u03c5\u03bd\u03c4\u03bf\u03bd\u03b9\u03c3\u03bc\u03cc\u03c2 \u03ba\u03b1\u03b9 \u03ad\u03bb\u03b5\u03b3\u03c7\u03bf\u03c2 \u03c4\u03b5\u03c7\u03bd\u03b9\u03ba\u03ce\u03bd \u03bc\u03b5\u03bb\u03b5\u03c4\u03ce\u03bd<\/li>\n<li>Pianificazione dei tempi e dei costi<\/li>\n<li>Preparazione documenti di gara e affidamento lavori<\/li>\n<li>\u039a\u03b1\u03c4\u03ac\u03c1\u03c4\u03b9\u03c3\u03b7 &#8211; \u03b4\u03b9\u03b1\u03c7\u03b5\u03af\u03c1\u03b9\u03c3\u03b7 \u03c3\u03c5\u03bc\u03b2\u03ac\u03c3\u03b5\u03c9\u03bd \u03ba\u03b1\u03c4\u03b1\u03c3\u03ba\u03b5\u03c5\u03b1\u03c3\u03c4\u03b9\u03ba\u03ce\u03bd \u03ad\u03c1\u03b3\u03c9\u03bd \u03ba\u03b1\u03b9 \u03c0\u03c1\u03bf\u03bc\u03b7\u03b8\u03b5\u03b9\u03ce\u03bd \u03b5\u03be\u03bf\u03c0\u03bb\u03b9\u03c3\u03bc\u03bf\u03cd<\/li>\n<li>Coordinamento e supervisione esecutiva<\/li>\n<li>Controllo qualit\u00e0 e monitoraggio dei costi<\/li>\n<li>Manutenzione e gestione operativa degli edifici<\/li>\n<li>Consegna finale del progetto<\/li>\n<\/ul>","protected":false},"excerpt":{"rendered":"<div class=\"entry-summary\">\n<div class=\"entry-summary\">\nCrediamo nella forza della misura e continuit\u00e0, nel valore della qualit\u00e0 dei materiali, nella profondit\u00e0 di significato di ogni gesto architettonico.\n<\/div>\n<\/div>","protected":false},"author":1,"featured_media":0,"parent":0,"menu_order":0,"comment_status":"closed","ping_status":"closed","template":"","meta":{"_acf_changed":false,"footnotes":""},"class_list":["post-535","page","type-page","status-publish","hentry","entry"],"acf":[],"_links":{"self":[{"href":"https:\/\/petrakis-architects.gr\/it\/wp-json\/wp\/v2\/pages\/535","targetHints":{"allow":["GET"]}}],"collection":[{"href":"https:\/\/petrakis-architects.gr\/it\/wp-json\/wp\/v2\/pages"}],"about":[{"href":"https:\/\/petrakis-architects.gr\/it\/wp-json\/wp\/v2\/types\/page"}],"author":[{"embeddable":true,"href":"https:\/\/petrakis-architects.gr\/it\/wp-json\/wp\/v2\/users\/1"}],"replies":[{"embeddable":true,"href":"https:\/\/petrakis-architects.gr\/it\/wp-json\/wp\/v2\/comments?post=535"}],"version-history":[{"count":0,"href":"https:\/\/petrakis-architects.gr\/it\/wp-json\/wp\/v2\/pages\/535\/revisions"}],"wp:attachment":[{"href":"https:\/\/petrakis-architects.gr\/it\/wp-json\/wp\/v2\/media?parent=535"}],"curies":[{"name":"wp","href":"https:\/\/api.w.org\/{rel}","templated":true}]}}